{"id":398,"date":"2023-04-25T18:31:25","date_gmt":"2023-04-25T16:31:25","guid":{"rendered":"https:\/\/brocheray.ch\/?page_id=398"},"modified":"2025-08-09T14:26:38","modified_gmt":"2025-08-09T12:26:38","slug":"nos-produits","status":"publish","type":"page","link":"https:\/\/brocheray.ch\/de\/nos-produits\/","title":{"rendered":"Unsere Produkte"},"content":{"rendered":"<div data-elementor-type=\"wp-page\" data-elementor-id=\"398\" class=\"elementor elementor-398\" data-elementor-post-type=\"page\">\n\t\t\t\t\t\t<section class=\"elementor-section elementor-top-section elementor-element elementor-element-9682e2e elementor-section-boxed elementor-section-height-default elementor-section-height-default\" data-id=\"9682e2e\" data-element_type=\"section\" data-e-type=\"section\">\n\t\t\t\t\t\t<div class=\"elementor-container elementor-column-gap-default\">\n\t\t\t\t\t<div class=\"elementor-column elementor-col-100 elementor-top-column elementor-element elementor-element-d94f25e\" data-id=\"d94f25e\" data-element_type=\"column\" data-e-type=\"column\">\n\t\t\t<div class=\"elementor-widget-wrap elementor-element-populated\">\n\t\t\t\t\t\t<div class=\"elementor-element elementor-element-0cdc2a8 elementor-arrows-position-inside elementor-pagination-position-outside elementor-widget elementor-widget-image-carousel\" data-id=\"0cdc2a8\" data-element_type=\"widget\" data-e-type=\"widget\" data-settings=\"{&quot;slides_to_show&quot;:&quot;1&quot;,&quot;navigation&quot;:&quot;both&quot;,&quot;autoplay&quot;:&quot;yes&quot;,&quot;pause_on_hover&quot;:&quot;yes&quot;,&quot;pause_on_interaction&quot;:&quot;yes&quot;,&quot;autoplay_speed&quot;:5000,&quot;infinite&quot;:&quot;yes&quot;,&quot;effect&quot;:&quot;slide&quot;,&quot;speed&quot;:500}\" data-widget_type=\"image-carousel.default\">\n\t\t\t\t<div class=\"elementor-widget-container\">\n\t\t\t\t\t\t\t<div class=\"elementor-image-carousel-wrapper swiper\" role=\"region\" aria-roledescription=\"carousel\" aria-label=\"Carrousel d\u2019images\" dir=\"ltr\">\n\t\t\t<div class=\"elementor-image-carousel swiper-wrapper\" aria-live=\"off\">\n\t\t\t\t\t\t\t\t<div class=\"swiper-slide\" role=\"group\" aria-roledescription=\"slide\" aria-label=\"1 sur 8\"><figure class=\"swiper-slide-inner\"><img decoding=\"async\" class=\"swiper-slide-image\" src=\"https:\/\/brocheray.ch\/wp-content\/uploads\/2023\/10\/Lard-grille-300x200.jpg\" alt=\"Lard grill\u00e9\" \/><figcaption class=\"elementor-image-carousel-caption\">Lard grill\u00e9<\/figcaption><\/figure><\/div><div class=\"swiper-slide\" role=\"group\" aria-roledescription=\"slide\" aria-label=\"2 sur 8\"><figure class=\"swiper-slide-inner\"><img decoding=\"async\" class=\"swiper-slide-image\" src=\"https:\/\/brocheray.ch\/wp-content\/uploads\/2023\/10\/20231028_101848-169x300.jpg\" alt=\"Terrine aux \u00e9cailleux\" \/><figcaption class=\"elementor-image-carousel-caption\">Terrine aux \u00e9cailleux<\/figcaption><\/figure><\/div><div class=\"swiper-slide\" role=\"group\" aria-roledescription=\"slide\" aria-label=\"3 sur 8\"><figure class=\"swiper-slide-inner\"><img decoding=\"async\" class=\"swiper-slide-image\" src=\"https:\/\/brocheray.ch\/wp-content\/uploads\/2023\/11\/20231028_102006-300x169.jpg\" alt=\"Barquettes de 250g\" \/><figcaption class=\"elementor-image-carousel-caption\">Terrine aux \u00e9cailleux<\/figcaption><\/figure><\/div><div class=\"swiper-slide\" role=\"group\" aria-roledescription=\"slide\" aria-label=\"4 sur 8\"><figure class=\"swiper-slide-inner\"><img decoding=\"async\" class=\"swiper-slide-image\" src=\"https:\/\/brocheray.ch\/wp-content\/uploads\/2023\/10\/Magret-173x300.jpg\" alt=\"Filet entier\" \/><figcaption class=\"elementor-image-carousel-caption\">Magret de carnard fum\u00e9<\/figcaption><\/figure><\/div><div class=\"swiper-slide\" role=\"group\" aria-roledescription=\"slide\" aria-label=\"5 sur 8\"><figure class=\"swiper-slide-inner\"><img decoding=\"async\" class=\"swiper-slide-image\" src=\"https:\/\/brocheray.ch\/wp-content\/uploads\/2024\/02\/20231210_1349251-169x300.jpg\" alt=\"Portion de 100gr.\" \/><figcaption class=\"elementor-image-carousel-caption\">Ger\u00e4ucherte Entenbrust<\/figcaption><\/figure><\/div><div class=\"swiper-slide\" role=\"group\" aria-roledescription=\"slide\" aria-label=\"6 sur 8\"><figure class=\"swiper-slide-inner\"><img decoding=\"async\" class=\"swiper-slide-image\" src=\"https:\/\/brocheray.ch\/wp-content\/uploads\/2023\/10\/20231028_111653-189x300.jpg\" alt=\"Saumon fum\u00e9 Label Rouge d&#039;Ecosse\" \/><figcaption class=\"elementor-image-carousel-caption\">20231028_111653<\/figcaption><\/figure><\/div><div class=\"swiper-slide\" role=\"group\" aria-roledescription=\"slide\" aria-label=\"7 sur 8\"><figure class=\"swiper-slide-inner\"><img decoding=\"async\" class=\"swiper-slide-image\" src=\"https:\/\/brocheray.ch\/wp-content\/uploads\/2023\/11\/20231102_090357-169x300.jpg\" alt=\"Filet entier ou demi-filet\" \/><figcaption class=\"elementor-image-carousel-caption\">Saumon fum\u00e9 Label rouge d'Ecosse<\/figcaption><\/figure><\/div><div class=\"swiper-slide\" role=\"group\" aria-roledescription=\"slide\" aria-label=\"8 sur 8\"><figure class=\"swiper-slide-inner\"><img decoding=\"async\" class=\"swiper-slide-image\" src=\"https:\/\/brocheray.ch\/wp-content\/uploads\/2023\/11\/20231102_090256-169x300.jpg\" alt=\"Portion de 4 \u00e0 6 tranches\" \/><figcaption class=\"elementor-image-carousel-caption\">Saumon fum\u00e9 Label rouge d'Ecosse<\/figcaption><\/figure><\/div>\t\t\t<\/div>\n\t\t\t\t\t\t\t\t\t\t\t\t<div class=\"elementor-swiper-button elementor-swiper-button-prev\" role=\"button\" tabindex=\"0\">\n\t\t\t\t\t\t<i aria-hidden=\"true\" class=\"eicon-chevron-left\"><\/i>\t\t\t\t\t<\/div>\n\t\t\t\t\t<div class=\"elementor-swiper-button elementor-swiper-button-next\" role=\"button\" tabindex=\"0\">\n\t\t\t\t\t\t<i aria-hidden=\"true\" class=\"eicon-chevron-right\"><\/i>\t\t\t\t\t<\/div>\n\t\t\t\t\n\t\t\t\t\t\t\t\t\t<div class=\"swiper-pagination\"><\/div>\n\t\t\t\t\t\t\t\t\t<\/div>\n\t\t\t\t\t\t<\/div>\n\t\t\t\t<\/div>\n\t\t\t\t<div class=\"elementor-element elementor-element-13e81e9c elementor-widget__width-initial elementor-widget elementor-widget-text-editor\" data-id=\"13e81e9c\" data-element_type=\"widget\" data-e-type=\"widget\" data-widget_type=\"text-editor.default\">\n\t\t\t\t<div class=\"elementor-widget-container\">\n\t\t\t\t\t\t\t\t\t<p>Lard grill\u00e9<br \/>Terrine aux \u00e9cailleux<br \/>Ger\u00e4ucherte Entenbrust<br \/>Ger\u00e4ucherter Lachs<br \/>Mousse de saumon fum\u00e9<\/p>\t\t\t\t\t\t\t\t<\/div>\n\t\t\t\t<\/div>\n\t\t\t\t\t<\/div>\n\t\t<\/div>\n\t\t\t\t\t<\/div>\n\t\t<\/section>\n\t\t\t\t<\/div>","protected":false},"excerpt":{"rendered":"<p>Lard grill\u00e9 Terrine aux \u00e9cailleux Terrine aux \u00e9cailleux Magret de carnard fum\u00e9 Magret de canard fum\u00e9 20231028_111653 Saumon fum\u00e9 Label rouge d&rsquo;Ecosse Saumon fum\u00e9 Label rouge d&rsquo;Ecosse Lard grill\u00e9Terrine aux \u00e9cailleuxMagret de canard fum\u00e9Saumon fum\u00e9Mousse de saumon fum\u00e9<\/p>","protected":false},"author":2,"featured_media":0,"parent":0,"menu_order":0,"comment_status":"closed","ping_status":"closed","template":"","meta":{"ocean_post_layout":"","ocean_both_sidebars_style":"","ocean_both_sidebars_content_width":0,"ocean_both_sidebars_sidebars_width":0,"ocean_sidebar":"0","ocean_second_sidebar":"0","ocean_disable_margins":"enable","ocean_add_body_class":"","ocean_shortcode_before_top_bar":"","ocean_shortcode_after_top_bar":"","ocean_shortcode_before_header":"","ocean_shortcode_after_header":"","ocean_has_shortcode":"","ocean_shortcode_after_title":"","ocean_shortcode_before_footer_widgets":"","ocean_shortcode_after_footer_widgets":"","ocean_shortcode_before_footer_bottom":"","ocean_shortcode_after_footer_bottom":"","ocean_display_top_bar":"default","ocean_display_header":"default","ocean_header_style":"","ocean_center_header_left_menu":"0","ocean_custom_header_template":"0","ocean_custom_logo":0,"ocean_custom_retina_logo":0,"ocean_custom_logo_max_width":0,"ocean_custom_logo_tablet_max_width":0,"ocean_custom_logo_mobile_max_width":0,"ocean_custom_logo_max_height":0,"ocean_custom_logo_tablet_max_height":0,"ocean_custom_logo_mobile_max_height":0,"ocean_header_custom_menu":"0","ocean_menu_typo_font_family":"0","ocean_menu_typo_font_subset":"","ocean_menu_typo_font_size":0,"ocean_menu_typo_font_size_tablet":0,"ocean_menu_typo_font_size_mobile":0,"ocean_menu_typo_font_size_unit":"px","ocean_menu_typo_font_weight":"","ocean_menu_typo_font_weight_tablet":"","ocean_menu_typo_font_weight_mobile":"","ocean_menu_typo_transform":"","ocean_menu_typo_transform_tablet":"","ocean_menu_typo_transform_mobile":"","ocean_menu_typo_line_height":0,"ocean_menu_typo_line_height_tablet":0,"ocean_menu_typo_line_height_mobile":0,"ocean_menu_typo_line_height_unit":"","ocean_menu_typo_spacing":0,"ocean_menu_typo_spacing_tablet":0,"ocean_menu_typo_spacing_mobile":0,"ocean_menu_typo_spacing_unit":"","ocean_menu_link_color":"","ocean_menu_link_color_hover":"","ocean_menu_link_color_active":"","ocean_menu_link_background":"","ocean_menu_link_hover_background":"","ocean_menu_link_active_background":"","ocean_menu_social_links_bg":"","ocean_menu_social_hover_links_bg":"","ocean_menu_social_links_color":"","ocean_menu_social_hover_links_color":"","ocean_disable_title":"default","ocean_disable_heading":"default","ocean_post_title":"","ocean_post_subheading":"","ocean_post_title_style":"","ocean_post_title_background_color":"","ocean_post_title_background":0,"ocean_post_title_bg_image_position":"","ocean_post_title_bg_image_attachment":"","ocean_post_title_bg_image_repeat":"","ocean_post_title_bg_image_size":"","ocean_post_title_height":0,"ocean_post_title_bg_overlay":0.5,"ocean_post_title_bg_overlay_color":"","ocean_disable_breadcrumbs":"default","ocean_breadcrumbs_color":"","ocean_breadcrumbs_separator_color":"","ocean_breadcrumbs_links_color":"","ocean_breadcrumbs_links_hover_color":"","ocean_display_footer_widgets":"default","ocean_display_footer_bottom":"default","ocean_custom_footer_template":"0","footnotes":""},"class_list":["post-398","page","type-page","status-publish","hentry","entry"],"yoast_head":"<!-- This site is optimized with the Yoast SEO plugin v27.4 - https:\/\/yoast.com\/product\/yoast-seo-wordpress\/ -->\n<title>Nos produits - Le Brocheray<\/title>\n<meta name=\"robots\" content=\"index, follow, max-snippet:-1, max-image-preview:large, max-video-preview:-1\" \/>\n<link rel=\"canonical\" href=\"https:\/\/brocheray.ch\/de\/nos-produits\/\" \/>\n<meta property=\"og:locale\" content=\"de_DE\" \/>\n<meta property=\"og:type\" content=\"article\" \/>\n<meta property=\"og:title\" content=\"Nos produits - Le Brocheray\" \/>\n<meta property=\"og:description\" content=\"Lard grill\u00e9 Terrine aux \u00e9cailleux Terrine aux \u00e9cailleux Magret de carnard fum\u00e9 Magret de canard fum\u00e9 20231028_111653 Saumon fum\u00e9 Label rouge d&rsquo;Ecosse Saumon fum\u00e9 Label rouge d&rsquo;Ecosse Lard grill\u00e9Terrine aux \u00e9cailleuxMagret de canard fum\u00e9Saumon fum\u00e9Mousse de saumon fum\u00e9\" \/>\n<meta property=\"og:url\" content=\"https:\/\/brocheray.ch\/de\/nos-produits\/\" \/>\n<meta property=\"og:site_name\" content=\"Le Brocheray\" \/>\n<meta property=\"article:publisher\" content=\"https:\/\/www.facebook.com\/brocheray\/\" \/>\n<meta property=\"article:modified_time\" content=\"2025-08-09T12:26:38+00:00\" \/>\n<meta property=\"og:image\" content=\"https:\/\/brocheray.ch\/wp-content\/uploads\/2023\/10\/Lard-grille-300x200.jpg\" \/>\n<meta name=\"twitter:card\" content=\"summary_large_image\" \/>\n<meta name=\"twitter:label1\" content=\"Gesch\u00e4tzte Lesezeit\" \/>\n\t<meta name=\"twitter:data1\" content=\"3\u00a0Minuten\" \/>\n<script type=\"application\/ld+json\" class=\"yoast-schema-graph\">{\"@context\":\"https:\\\/\\\/schema.org\",\"@graph\":[{\"@type\":\"WebPage\",\"@id\":\"https:\\\/\\\/brocheray.ch\\\/nos-produits\\\/\",\"url\":\"https:\\\/\\\/brocheray.ch\\\/nos-produits\\\/\",\"name\":\"Nos produits - Le Brocheray\",\"isPartOf\":{\"@id\":\"https:\\\/\\\/brocheray.ch\\\/#website\"},\"primaryImageOfPage\":{\"@id\":\"https:\\\/\\\/brocheray.ch\\\/nos-produits\\\/#primaryimage\"},\"image\":{\"@id\":\"https:\\\/\\\/brocheray.ch\\\/nos-produits\\\/#primaryimage\"},\"thumbnailUrl\":\"https:\\\/\\\/brocheray.ch\\\/wp-content\\\/uploads\\\/2023\\\/10\\\/Lard-grille-300x200.jpg\",\"datePublished\":\"2023-04-25T16:31:25+00:00\",\"dateModified\":\"2025-08-09T12:26:38+00:00\",\"breadcrumb\":{\"@id\":\"https:\\\/\\\/brocheray.ch\\\/nos-produits\\\/#breadcrumb\"},\"inLanguage\":\"de\",\"potentialAction\":[{\"@type\":\"ReadAction\",\"target\":[\"https:\\\/\\\/brocheray.ch\\\/nos-produits\\\/\"]}]},{\"@type\":\"ImageObject\",\"inLanguage\":\"de\",\"@id\":\"https:\\\/\\\/brocheray.ch\\\/nos-produits\\\/#primaryimage\",\"url\":\"https:\\\/\\\/brocheray.ch\\\/wp-content\\\/uploads\\\/2023\\\/10\\\/Lard-grille-300x200.jpg\",\"contentUrl\":\"https:\\\/\\\/brocheray.ch\\\/wp-content\\\/uploads\\\/2023\\\/10\\\/Lard-grille-300x200.jpg\"},{\"@type\":\"BreadcrumbList\",\"@id\":\"https:\\\/\\\/brocheray.ch\\\/nos-produits\\\/#breadcrumb\",\"itemListElement\":[{\"@type\":\"ListItem\",\"position\":1,\"name\":\"Accueil\",\"item\":\"https:\\\/\\\/brocheray.ch\\\/\"},{\"@type\":\"ListItem\",\"position\":2,\"name\":\"Nos produits\"}]},{\"@type\":\"WebSite\",\"@id\":\"https:\\\/\\\/brocheray.ch\\\/#website\",\"url\":\"https:\\\/\\\/brocheray.ch\\\/\",\"name\":\"Le Brocheray\",\"description\":\"Appartement de vacances \u00e0 la Vall\u00e9e de Joux\",\"publisher\":{\"@id\":\"https:\\\/\\\/brocheray.ch\\\/#organization\"},\"potentialAction\":[{\"@type\":\"SearchAction\",\"target\":{\"@type\":\"EntryPoint\",\"urlTemplate\":\"https:\\\/\\\/brocheray.ch\\\/?s={search_term_string}\"},\"query-input\":{\"@type\":\"PropertyValueSpecification\",\"valueRequired\":true,\"valueName\":\"search_term_string\"}}],\"inLanguage\":\"de\"},{\"@type\":\"Organization\",\"@id\":\"https:\\\/\\\/brocheray.ch\\\/#organization\",\"name\":\"Le Brocheray\",\"url\":\"https:\\\/\\\/brocheray.ch\\\/\",\"logo\":{\"@type\":\"ImageObject\",\"inLanguage\":\"de\",\"@id\":\"https:\\\/\\\/brocheray.ch\\\/#\\\/schema\\\/logo\\\/image\\\/\",\"url\":\"\",\"contentUrl\":\"\",\"caption\":\"Le Brocheray\"},\"image\":{\"@id\":\"https:\\\/\\\/brocheray.ch\\\/#\\\/schema\\\/logo\\\/image\\\/\"},\"sameAs\":[\"https:\\\/\\\/www.facebook.com\\\/brocheray\\\/\"]}]}<\/script>\n<!-- \/ Yoast SEO plugin. -->","yoast_head_json":{"title":"Nos produits - Le Brocheray","robots":{"index":"index","follow":"follow","max-snippet":"max-snippet:-1","max-image-preview":"max-image-preview:large","max-video-preview":"max-video-preview:-1"},"canonical":"https:\/\/brocheray.ch\/de\/nos-produits\/","og_locale":"de_DE","og_type":"article","og_title":"Nos produits - Le Brocheray","og_description":"Lard grill\u00e9 Terrine aux \u00e9cailleux Terrine aux \u00e9cailleux Magret de carnard fum\u00e9 Magret de canard fum\u00e9 20231028_111653 Saumon fum\u00e9 Label rouge d&rsquo;Ecosse Saumon fum\u00e9 Label rouge d&rsquo;Ecosse Lard grill\u00e9Terrine aux \u00e9cailleuxMagret de canard fum\u00e9Saumon fum\u00e9Mousse de saumon fum\u00e9","og_url":"https:\/\/brocheray.ch\/de\/nos-produits\/","og_site_name":"Le Brocheray","article_publisher":"https:\/\/www.facebook.com\/brocheray\/","article_modified_time":"2025-08-09T12:26:38+00:00","og_image":[{"url":"https:\/\/brocheray.ch\/wp-content\/uploads\/2023\/10\/Lard-grille-300x200.jpg","type":"","width":"","height":""}],"twitter_card":"summary_large_image","twitter_misc":{"Gesch\u00e4tzte Lesezeit":"3\u00a0Minuten"},"schema":{"@context":"https:\/\/schema.org","@graph":[{"@type":"WebPage","@id":"https:\/\/brocheray.ch\/nos-produits\/","url":"https:\/\/brocheray.ch\/nos-produits\/","name":"Nos produits - Le Brocheray","isPartOf":{"@id":"https:\/\/brocheray.ch\/#website"},"primaryImageOfPage":{"@id":"https:\/\/brocheray.ch\/nos-produits\/#primaryimage"},"image":{"@id":"https:\/\/brocheray.ch\/nos-produits\/#primaryimage"},"thumbnailUrl":"https:\/\/brocheray.ch\/wp-content\/uploads\/2023\/10\/Lard-grille-300x200.jpg","datePublished":"2023-04-25T16:31:25+00:00","dateModified":"2025-08-09T12:26:38+00:00","breadcrumb":{"@id":"https:\/\/brocheray.ch\/nos-produits\/#breadcrumb"},"inLanguage":"de","potentialAction":[{"@type":"ReadAction","target":["https:\/\/brocheray.ch\/nos-produits\/"]}]},{"@type":"ImageObject","inLanguage":"de","@id":"https:\/\/brocheray.ch\/nos-produits\/#primaryimage","url":"https:\/\/brocheray.ch\/wp-content\/uploads\/2023\/10\/Lard-grille-300x200.jpg","contentUrl":"https:\/\/brocheray.ch\/wp-content\/uploads\/2023\/10\/Lard-grille-300x200.jpg"},{"@type":"BreadcrumbList","@id":"https:\/\/brocheray.ch\/nos-produits\/#breadcrumb","itemListElement":[{"@type":"ListItem","position":1,"name":"Accueil","item":"https:\/\/brocheray.ch\/"},{"@type":"ListItem","position":2,"name":"Nos produits"}]},{"@type":"WebSite","@id":"https:\/\/brocheray.ch\/#website","url":"https:\/\/brocheray.ch\/","name":"Le Brocheray","description":"Ferienwohnung im Vall\u00e9e de Joux","publisher":{"@id":"https:\/\/brocheray.ch\/#organization"},"potentialAction":[{"@type":"SearchAction","target":{"@type":"EntryPoint","urlTemplate":"https:\/\/brocheray.ch\/?s={search_term_string}"},"query-input":{"@type":"PropertyValueSpecification","valueRequired":true,"valueName":"search_term_string"}}],"inLanguage":"de"},{"@type":"Organization","@id":"https:\/\/brocheray.ch\/#organization","name":"Le Brocheray","url":"https:\/\/brocheray.ch\/","logo":{"@type":"ImageObject","inLanguage":"de","@id":"https:\/\/brocheray.ch\/#\/schema\/logo\/image\/","url":"","contentUrl":"","caption":"Le Brocheray"},"image":{"@id":"https:\/\/brocheray.ch\/#\/schema\/logo\/image\/"},"sameAs":["https:\/\/www.facebook.com\/brocheray\/"]}]}},"_links":{"self":[{"href":"https:\/\/brocheray.ch\/de\/wp-json\/wp\/v2\/pages\/398","targetHints":{"allow":["GET"]}}],"collection":[{"href":"https:\/\/brocheray.ch\/de\/wp-json\/wp\/v2\/pages"}],"about":[{"href":"https:\/\/brocheray.ch\/de\/wp-json\/wp\/v2\/types\/page"}],"author":[{"embeddable":true,"href":"https:\/\/brocheray.ch\/de\/wp-json\/wp\/v2\/users\/2"}],"replies":[{"embeddable":true,"href":"https:\/\/brocheray.ch\/de\/wp-json\/wp\/v2\/comments?post=398"}],"version-history":[{"count":83,"href":"https:\/\/brocheray.ch\/de\/wp-json\/wp\/v2\/pages\/398\/revisions"}],"predecessor-version":[{"id":638,"href":"https:\/\/brocheray.ch\/de\/wp-json\/wp\/v2\/pages\/398\/revisions\/638"}],"wp:attachment":[{"href":"https:\/\/brocheray.ch\/de\/wp-json\/wp\/v2\/media?parent=398"}],"curies":[{"name":"wp","href":"https:\/\/api.w.org\/{rel}","templated":true}]}}