{"id":34,"date":"2019-09-20T10:50:15","date_gmt":"2019-09-20T08:50:15","guid":{"rendered":"https:\/\/brocheray.ch\/?page_id=34"},"modified":"2024-01-19T15:15:40","modified_gmt":"2024-01-19T14:15:40","slug":"contact-acces","status":"publish","type":"page","link":"https:\/\/brocheray.ch\/de\/contact-acces\/","title":{"rendered":"Kontakt und Anreise"},"content":{"rendered":"\t\t<div data-elementor-type=\"wp-page\" data-elementor-id=\"34\" class=\"elementor elementor-34\" data-elementor-post-type=\"page\">\n\t\t\t\t\t\t<section class=\"elementor-section elementor-top-section elementor-element elementor-element-482016d elementor-section-height-min-height elementor-section-full_width elementor-section-height-default elementor-section-items-middle\" data-id=\"482016d\" data-element_type=\"section\" data-e-type=\"section\" data-settings=\"{&quot;background_background&quot;:&quot;classic&quot;}\">\n\t\t\t\t\t\t<div class=\"elementor-container elementor-column-gap-default\">\n\t\t\t\t\t<div class=\"elementor-column elementor-col-100 elementor-top-column elementor-element elementor-element-1de0611\" data-id=\"1de0611\" data-element_type=\"column\" data-e-type=\"column\">\n\t\t\t<div class=\"elementor-widget-wrap elementor-element-populated\">\n\t\t\t\t\t\t<div class=\"elementor-element elementor-element-878da5a elementor-widget elementor-widget-heading\" data-id=\"878da5a\" data-element_type=\"widget\" data-e-type=\"widget\" data-widget_type=\"heading.default\">\n\t\t\t\t<div class=\"elementor-widget-container\">\n\t\t\t\t\t<h1 class=\"elementor-heading-title elementor-size-default\">Contact et acc\u00e8s<\/h1>\t\t\t\t<\/div>\n\t\t\t\t<\/div>\n\t\t\t\t\t<\/div>\n\t\t<\/div>\n\t\t\t\t\t<\/div>\n\t\t<\/section>\n\t\t\t\t<section class=\"elementor-section elementor-top-section elementor-element elementor-element-e1c16dd elementor-section-full_width elementor-section-height-default elementor-section-height-default\" data-id=\"e1c16dd\" data-element_type=\"section\" data-e-type=\"section\">\n\t\t\t\t\t\t<div class=\"elementor-container elementor-column-gap-narrow\">\n\t\t\t\t\t<div class=\"elementor-column elementor-col-50 elementor-top-column elementor-element elementor-element-d0080c0\" data-id=\"d0080c0\" data-element_type=\"column\" data-e-type=\"column\">\n\t\t\t<div class=\"elementor-widget-wrap elementor-element-populated\">\n\t\t\t\t\t\t<div class=\"elementor-element elementor-element-a8e5e53 elementor-widget elementor-widget-text-editor\" data-id=\"a8e5e53\" data-element_type=\"widget\" data-e-type=\"widget\" data-widget_type=\"text-editor.default\">\n\t\t\t\t<div class=\"elementor-widget-container\">\n\t\t\t\t\t\t\t\t\t<p>Pour nous contacter, veuillez utiliser le formulaire ci-dessous. Nous r\u00e9pondrons rapidement \u00e0 votre message.<\/p><p>Si vous souhaitez r\u00e9server l&rsquo;appartement, merci d&rsquo;utiliser le <a href=\"https:\/\/brocheray.ch\/reservation\/\">formulaire de r\u00e9servation<\/a>.<\/p>\t\t\t\t\t\t\t\t<\/div>\n\t\t\t\t<\/div>\n\t\t\t\t<div class=\"elementor-element elementor-element-2af54ca elementor-button-align-start elementor-widget elementor-widget-form\" data-id=\"2af54ca\" data-element_type=\"widget\" data-e-type=\"widget\" data-settings=\"{&quot;step_next_label&quot;:&quot;Suivant&quot;,&quot;step_previous_label&quot;:&quot;Pr\\u00e9c\\u00e9dent&quot;,&quot;button_width&quot;:&quot;100&quot;,&quot;step_type&quot;:&quot;number_text&quot;,&quot;step_icon_shape&quot;:&quot;circle&quot;}\" data-widget_type=\"form.default\">\n\t\t\t\t<div class=\"elementor-widget-container\">\n\t\t\t\t\t\t\t<form class=\"elementor-form\" method=\"post\" name=\"Contact\" aria-label=\"Contact\">\n\t\t\t<input type=\"hidden\" name=\"post_id\" value=\"34\"\/>\n\t\t\t<input type=\"hidden\" name=\"form_id\" value=\"2af54ca\"\/>\n\t\t\t<input type=\"hidden\" name=\"referer_title\" value=\"Contact et acc\u00e8s - Le Brocheray\" \/>\n\n\t\t\t\t\t\t\t<input type=\"hidden\" name=\"queried_id\" value=\"34\"\/>\n\t\t\t\n\t\t\t<div class=\"elementor-form-fields-wrapper elementor-labels-above\">\n\t\t\t\t\t\t\t\t<div class=\"elementor-field-type-text elementor-field-group elementor-column elementor-field-group-name elementor-col-50 elementor-field-required elementor-mark-required\">\n\t\t\t\t\t\t\t\t\t\t\t\t<label for=\"form-field-name\" class=\"elementor-field-label\">\n\t\t\t\t\t\t\t\tNom\t\t\t\t\t\t\t<\/label>\n\t\t\t\t\t\t\t\t\t\t\t\t\t\t<input size=\"1\" type=\"text\" name=\"form_fields[name]\" id=\"form-field-name\" class=\"elementor-field elementor-size-md  elementor-field-textual\" placeholder=\"Nom\" required=\"required\">\n\t\t\t\t\t\t\t\t\t\t\t<\/div>\n\t\t\t\t\t\t\t\t<div class=\"elementor-field-type-text elementor-field-group elementor-column elementor-field-group-field_2 elementor-col-50 elementor-field-required elementor-mark-required\">\n\t\t\t\t\t\t\t\t\t\t\t\t<label for=\"form-field-field_2\" class=\"elementor-field-label\">\n\t\t\t\t\t\t\t\tPr\u00e9nom\t\t\t\t\t\t\t<\/label>\n\t\t\t\t\t\t\t\t\t\t\t\t\t\t<input size=\"1\" type=\"text\" name=\"form_fields[field_2]\" id=\"form-field-field_2\" class=\"elementor-field elementor-size-md  elementor-field-textual\" placeholder=\"Pr\u00e9nom\" required=\"required\">\n\t\t\t\t\t\t\t\t\t\t\t<\/div>\n\t\t\t\t\t\t\t\t<div class=\"elementor-field-type-email elementor-field-group elementor-column elementor-field-group-email elementor-col-100 elementor-field-required elementor-mark-required\">\n\t\t\t\t\t\t\t\t\t\t\t\t<label for=\"form-field-email\" class=\"elementor-field-label\">\n\t\t\t\t\t\t\t\tE-mail\t\t\t\t\t\t\t<\/label>\n\t\t\t\t\t\t\t\t\t\t\t\t\t\t<input size=\"1\" type=\"email\" name=\"form_fields[email]\" id=\"form-field-email\" class=\"elementor-field elementor-size-md  elementor-field-textual\" placeholder=\"E-mail\" required=\"required\">\n\t\t\t\t\t\t\t\t\t\t\t<\/div>\n\t\t\t\t\t\t\t\t<div class=\"elementor-field-type-text\">\n\t\t\t\t\t<input size=\"1\" type=\"text\" name=\"form_fields[field_1]\" id=\"form-field-field_1\" class=\"elementor-field elementor-size-md \" style=\"display:none !important;\">\t\t\t\t<\/div>\n\t\t\t\t\t\t\t\t<div class=\"elementor-field-type-textarea elementor-field-group elementor-column elementor-field-group-field_8 elementor-col-100\">\n\t\t\t\t\t\t\t\t\t\t\t\t<label for=\"form-field-field_8\" class=\"elementor-field-label\">\n\t\t\t\t\t\t\t\tMessage\t\t\t\t\t\t\t<\/label>\n\t\t\t\t\t\t<textarea class=\"elementor-field-textual elementor-field  elementor-size-md\" name=\"form_fields[field_8]\" id=\"form-field-field_8\" rows=\"6\" placeholder=\"Message\"><\/textarea>\t\t\t\t<\/div>\n\t\t\t\t\t\t\t\t<div class=\"elementor-field-type-recaptcha_v3 elementor-field-group elementor-column elementor-field-group-field_26cbbd4 elementor-col-100 recaptcha_v3-inline\">\n\t\t\t\t\t<div class=\"elementor-field\" id=\"form-field-field_26cbbd4\"><div class=\"elementor-g-recaptcha\" data-sitekey=\"6LftK1YpAAAAAIEPTcc9eAV_3r5_NUtDCTGPFBMD\" data-type=\"v3\" data-action=\"Form\" data-badge=\"inline\" data-size=\"invisible\"><\/div><\/div>\t\t\t\t<\/div>\n\t\t\t\t\t\t\t\t<div class=\"elementor-field-group elementor-column elementor-field-type-submit elementor-col-100 e-form__buttons\">\n\t\t\t\t\t<button class=\"elementor-button elementor-size-md\" type=\"submit\">\n\t\t\t\t\t\t<span class=\"elementor-button-content-wrapper\">\n\t\t\t\t\t\t\t\t\t\t\t\t\t\t\t\t\t\t\t\t\t\t<span class=\"elementor-button-text\">Envoyer<\/span>\n\t\t\t\t\t\t\t\t\t\t\t\t\t<\/span>\n\t\t\t\t\t<\/button>\n\t\t\t\t<\/div>\n\t\t\t<\/div>\n\t\t<\/form>\n\t\t\t\t\t\t<\/div>\n\t\t\t\t<\/div>\n\t\t\t\t\t<\/div>\n\t\t<\/div>\n\t\t\t\t<div class=\"elementor-column elementor-col-50 elementor-top-column elementor-element elementor-element-6831a1d\" data-id=\"6831a1d\" data-element_type=\"column\" data-e-type=\"column\">\n\t\t\t<div class=\"elementor-widget-wrap elementor-element-populated\">\n\t\t\t\t\t\t<div class=\"elementor-element elementor-element-195baab elementor-widget elementor-widget-text-editor\" data-id=\"195baab\" data-element_type=\"widget\" data-e-type=\"widget\" data-widget_type=\"text-editor.default\">\n\t\t\t\t<div class=\"elementor-widget-container\">\n\t\t\t\t\t\t\t\t\tVous avez \u00e9galement la possibilit\u00e9 de nous contacter par t\u00e9l\u00e9phone au <a href=\"tel:0041786753540\">+41 78 675 35 40<\/a> ou par e-mail \u00e0 l&rsquo;adresse <a href=\"mailto:brocheray@sevjnet.ch\">brocheray@sevjnet.ch<\/a>.\n\nJanine et Andr\u00e9 Fehle\nLe Rocheray 9\n1347 Le Sentier\n\nCoordonn\u00e9es GPS :\nN 46\u00b037.321\u2032 \/ E 6\u00b014.845\u2032\n\n<a href=\"https:\/\/www.google.ch\/maps\/place\/Le+Rocheray+9,+1347+Le+Chenit\/@46.6219435,6.247509,3a,75y,303.21h,90t\/data=!3m7!1e1!3m5!1sIan16rEitLYwwyq7DPPWSQ!2e0!6shttps:%2F%2Fstreetviewpixels-pa.googleapis.com%2Fv1%2Fthumbnail%3Fpanoid%3DIan16rEitLYwwyq7DPPWSQ%26cb_client%3Dsearch.gws-prod.gps%26w%3D86%26h%3D86%26yaw%3D303.20554%26pitch%3D0%26thumbfov%3D100!7i13312!8i6656!4m5!3m4!1s0x478c52f13f470dcb:0xdbb3a725041c9a93!8m2!3d46.6220236!4d6.2473322?hl=fr\" target=\"_blank\" rel=\"noopener\">Street View<\/a>\t\t\t\t\t\t\t\t<\/div>\n\t\t\t\t<\/div>\n\t\t\t\t\t<\/div>\n\t\t<\/div>\n\t\t\t\t\t<\/div>\n\t\t<\/section>\n\t\t\t\t<section class=\"elementor-section elementor-top-section elementor-element elementor-element-024de0f elementor-section-full_width elementor-section-height-default elementor-section-height-default\" data-id=\"024de0f\" data-element_type=\"section\" data-e-type=\"section\">\n\t\t\t\t\t\t<div class=\"elementor-container elementor-column-gap-default\">\n\t\t\t\t\t<div class=\"elementor-column elementor-col-100 elementor-top-column elementor-element elementor-element-71a4b63\" data-id=\"71a4b63\" data-element_type=\"column\" data-e-type=\"column\">\n\t\t\t<div class=\"elementor-widget-wrap elementor-element-populated\">\n\t\t\t\t\t\t<div class=\"elementor-element elementor-element-3781848 elementor-widget elementor-widget-google_maps\" data-id=\"3781848\" data-element_type=\"widget\" data-e-type=\"widget\" data-widget_type=\"google_maps.default\">\n\t\t\t\t<div class=\"elementor-widget-container\">\n\t\t\t\t\t\t\t<div class=\"elementor-custom-embed\">\n\t\t\t<iframe loading=\"lazy\"\n\t\t\t\t\tsrc=\"https:\/\/maps.google.com\/maps?q=Le%20Rocheray%209%2C%201347%20Le%20Sentier%2C%20Suisse&#038;t=m&#038;z=14&#038;output=embed&#038;iwloc=near\"\n\t\t\t\t\ttitle=\"Le Rocheray 9, 1347 Le Sentier, Suisse\"\n\t\t\t\t\taria-label=\"Le Rocheray 9, 1347 Le Sentier, Suisse\"\n\t\t\t><\/iframe>\n\t\t<\/div>\n\t\t\t\t\t\t<\/div>\n\t\t\t\t<\/div>\n\t\t\t\t\t<\/div>\n\t\t<\/div>\n\t\t\t\t\t<\/div>\n\t\t<\/section>\n\t\t\t\t<\/div>\n\t\t","protected":false},"excerpt":{"rendered":"<p>Contact et acc\u00e8s Pour nous contacter, veuillez utiliser le formulaire ci-dessous. Nous r\u00e9pondrons rapidement \u00e0 votre message. Si vous souhaitez r\u00e9server l&rsquo;appartement, merci d&rsquo;utiliser le formulaire de r\u00e9servation. Vous avez \u00e9galement la possibilit\u00e9 de nous contacter par t\u00e9l\u00e9phone au +41 78 675 35 40 ou par e-mail \u00e0 l&rsquo;adresse brocheray@sevjnet.ch. Janine et Andr\u00e9 Fehle Le [&hellip;]<\/p>\n","protected":false},"author":3,"featured_media":0,"parent":0,"menu_order":0,"comment_status":"closed","ping_status":"closed","template":"","meta":{"ocean_post_layout":"","ocean_both_sidebars_style":"","ocean_both_sidebars_content_width":0,"ocean_both_sidebars_sidebars_width":0,"ocean_sidebar":"0","ocean_second_sidebar":"0","ocean_disable_margins":"enable","ocean_add_body_class":"","ocean_shortcode_before_top_bar":"","ocean_shortcode_after_top_bar":"","ocean_shortcode_before_header":"","ocean_shortcode_after_header":"","ocean_has_shortcode":"","ocean_shortcode_after_title":"","ocean_shortcode_before_footer_widgets":"","ocean_shortcode_after_footer_widgets":"","ocean_shortcode_before_footer_bottom":"","ocean_shortcode_after_footer_bottom":"","ocean_display_top_bar":"default","ocean_display_header":"default","ocean_header_style":"","ocean_center_header_left_menu":"0","ocean_custom_header_template":"0","ocean_custom_logo":0,"ocean_custom_retina_logo":0,"ocean_custom_logo_max_width":0,"ocean_custom_logo_tablet_max_width":0,"ocean_custom_logo_mobile_max_width":0,"ocean_custom_logo_max_height":0,"ocean_custom_logo_tablet_max_height":0,"ocean_custom_logo_mobile_max_height":0,"ocean_header_custom_menu":"0","ocean_menu_typo_font_family":"0","ocean_menu_typo_font_subset":"","ocean_menu_typo_font_size":0,"ocean_menu_typo_font_size_tablet":0,"ocean_menu_typo_font_size_mobile":0,"ocean_menu_typo_font_size_unit":"px","ocean_menu_typo_font_weight":"","ocean_menu_typo_font_weight_tablet":"","ocean_menu_typo_font_weight_mobile":"","ocean_menu_typo_transform":"","ocean_menu_typo_transform_tablet":"","ocean_menu_typo_transform_mobile":"","ocean_menu_typo_line_height":0,"ocean_menu_typo_line_height_tablet":0,"ocean_menu_typo_line_height_mobile":0,"ocean_menu_typo_line_height_unit":"","ocean_menu_typo_spacing":0,"ocean_menu_typo_spacing_tablet":0,"ocean_menu_typo_spacing_mobile":0,"ocean_menu_typo_spacing_unit":"","ocean_menu_link_color":"","ocean_menu_link_color_hover":"","ocean_menu_link_color_active":"","ocean_menu_link_background":"","ocean_menu_link_hover_background":"","ocean_menu_link_active_background":"","ocean_menu_social_links_bg":"","ocean_menu_social_hover_links_bg":"","ocean_menu_social_links_color":"","ocean_menu_social_hover_links_color":"","ocean_disable_title":"default","ocean_disable_heading":"default","ocean_post_title":"","ocean_post_subheading":"","ocean_post_title_style":"","ocean_post_title_background_color":"","ocean_post_title_background":0,"ocean_post_title_bg_image_position":"","ocean_post_title_bg_image_attachment":"","ocean_post_title_bg_image_repeat":"","ocean_post_title_bg_image_size":"","ocean_post_title_height":0,"ocean_post_title_bg_overlay":0.5,"ocean_post_title_bg_overlay_color":"","ocean_disable_breadcrumbs":"default","ocean_breadcrumbs_color":"","ocean_breadcrumbs_separator_color":"","ocean_breadcrumbs_links_color":"","ocean_breadcrumbs_links_hover_color":"","ocean_display_footer_widgets":"default","ocean_display_footer_bottom":"default","ocean_custom_footer_template":"0","footnotes":""},"class_list":["post-34","page","type-page","status-publish","hentry","entry"],"yoast_head":"<!-- This site is optimized with the Yoast SEO plugin v27.4 - https:\/\/yoast.com\/product\/yoast-seo-wordpress\/ -->\n<title>Contact et acc\u00e8s - Le Brocheray<\/title>\n<meta name=\"robots\" content=\"index, follow, max-snippet:-1, max-image-preview:large, max-video-preview:-1\" \/>\n<link rel=\"canonical\" href=\"https:\/\/brocheray.ch\/de\/contact-acces\/\" \/>\n<meta property=\"og:locale\" content=\"de_DE\" \/>\n<meta property=\"og:type\" content=\"article\" \/>\n<meta property=\"og:title\" content=\"Contact et acc\u00e8s - Le Brocheray\" \/>\n<meta property=\"og:description\" content=\"Contact et acc\u00e8s Pour nous contacter, veuillez utiliser le formulaire ci-dessous. Nous r\u00e9pondrons rapidement \u00e0 votre message. Si vous souhaitez r\u00e9server l&rsquo;appartement, merci d&rsquo;utiliser le formulaire de r\u00e9servation. Vous avez \u00e9galement la possibilit\u00e9 de nous contacter par t\u00e9l\u00e9phone au +41 78 675 35 40 ou par e-mail \u00e0 l&rsquo;adresse brocheray@sevjnet.ch. Janine et Andr\u00e9 Fehle Le [&hellip;]\" \/>\n<meta property=\"og:url\" content=\"https:\/\/brocheray.ch\/de\/contact-acces\/\" \/>\n<meta property=\"og:site_name\" content=\"Le Brocheray\" \/>\n<meta property=\"article:publisher\" content=\"https:\/\/www.facebook.com\/brocheray\/\" \/>\n<meta property=\"article:modified_time\" content=\"2024-01-19T14:15:40+00:00\" \/>\n<meta name=\"twitter:card\" content=\"summary_large_image\" \/>\n<meta name=\"twitter:label1\" content=\"Gesch\u00e4tzte Lesezeit\" \/>\n\t<meta name=\"twitter:data1\" content=\"1\u00a0Minute\" \/>\n<script type=\"application\/ld+json\" class=\"yoast-schema-graph\">{\"@context\":\"https:\\\/\\\/schema.org\",\"@graph\":[{\"@type\":\"WebPage\",\"@id\":\"https:\\\/\\\/brocheray.ch\\\/contact-acces\\\/\",\"url\":\"https:\\\/\\\/brocheray.ch\\\/contact-acces\\\/\",\"name\":\"Contact et acc\u00e8s - Le Brocheray\",\"isPartOf\":{\"@id\":\"https:\\\/\\\/brocheray.ch\\\/#website\"},\"datePublished\":\"2019-09-20T08:50:15+00:00\",\"dateModified\":\"2024-01-19T14:15:40+00:00\",\"breadcrumb\":{\"@id\":\"https:\\\/\\\/brocheray.ch\\\/contact-acces\\\/#breadcrumb\"},\"inLanguage\":\"de\",\"potentialAction\":[{\"@type\":\"ReadAction\",\"target\":[\"https:\\\/\\\/brocheray.ch\\\/contact-acces\\\/\"]}]},{\"@type\":\"BreadcrumbList\",\"@id\":\"https:\\\/\\\/brocheray.ch\\\/contact-acces\\\/#breadcrumb\",\"itemListElement\":[{\"@type\":\"ListItem\",\"position\":1,\"name\":\"Accueil\",\"item\":\"https:\\\/\\\/brocheray.ch\\\/\"},{\"@type\":\"ListItem\",\"position\":2,\"name\":\"Contact et acc\u00e8s\"}]},{\"@type\":\"WebSite\",\"@id\":\"https:\\\/\\\/brocheray.ch\\\/#website\",\"url\":\"https:\\\/\\\/brocheray.ch\\\/\",\"name\":\"Le Brocheray\",\"description\":\"Appartement de vacances \u00e0 la Vall\u00e9e de Joux\",\"publisher\":{\"@id\":\"https:\\\/\\\/brocheray.ch\\\/#organization\"},\"potentialAction\":[{\"@type\":\"SearchAction\",\"target\":{\"@type\":\"EntryPoint\",\"urlTemplate\":\"https:\\\/\\\/brocheray.ch\\\/?s={search_term_string}\"},\"query-input\":{\"@type\":\"PropertyValueSpecification\",\"valueRequired\":true,\"valueName\":\"search_term_string\"}}],\"inLanguage\":\"de\"},{\"@type\":\"Organization\",\"@id\":\"https:\\\/\\\/brocheray.ch\\\/#organization\",\"name\":\"Le Brocheray\",\"url\":\"https:\\\/\\\/brocheray.ch\\\/\",\"logo\":{\"@type\":\"ImageObject\",\"inLanguage\":\"de\",\"@id\":\"https:\\\/\\\/brocheray.ch\\\/#\\\/schema\\\/logo\\\/image\\\/\",\"url\":\"\",\"contentUrl\":\"\",\"caption\":\"Le Brocheray\"},\"image\":{\"@id\":\"https:\\\/\\\/brocheray.ch\\\/#\\\/schema\\\/logo\\\/image\\\/\"},\"sameAs\":[\"https:\\\/\\\/www.facebook.com\\\/brocheray\\\/\"]}]}<\/script>\n<!-- \/ Yoast SEO plugin. -->","yoast_head_json":{"title":"Contact et acc\u00e8s - Le Brocheray","robots":{"index":"index","follow":"follow","max-snippet":"max-snippet:-1","max-image-preview":"max-image-preview:large","max-video-preview":"max-video-preview:-1"},"canonical":"https:\/\/brocheray.ch\/de\/contact-acces\/","og_locale":"de_DE","og_type":"article","og_title":"Contact et acc\u00e8s - Le Brocheray","og_description":"Contact et acc\u00e8s Pour nous contacter, veuillez utiliser le formulaire ci-dessous. Nous r\u00e9pondrons rapidement \u00e0 votre message. Si vous souhaitez r\u00e9server l&rsquo;appartement, merci d&rsquo;utiliser le formulaire de r\u00e9servation. Vous avez \u00e9galement la possibilit\u00e9 de nous contacter par t\u00e9l\u00e9phone au +41 78 675 35 40 ou par e-mail \u00e0 l&rsquo;adresse brocheray@sevjnet.ch. Janine et Andr\u00e9 Fehle Le [&hellip;]","og_url":"https:\/\/brocheray.ch\/de\/contact-acces\/","og_site_name":"Le Brocheray","article_publisher":"https:\/\/www.facebook.com\/brocheray\/","article_modified_time":"2024-01-19T14:15:40+00:00","twitter_card":"summary_large_image","twitter_misc":{"Gesch\u00e4tzte Lesezeit":"1\u00a0Minute"},"schema":{"@context":"https:\/\/schema.org","@graph":[{"@type":"WebPage","@id":"https:\/\/brocheray.ch\/contact-acces\/","url":"https:\/\/brocheray.ch\/contact-acces\/","name":"Contact et acc\u00e8s - Le Brocheray","isPartOf":{"@id":"https:\/\/brocheray.ch\/#website"},"datePublished":"2019-09-20T08:50:15+00:00","dateModified":"2024-01-19T14:15:40+00:00","breadcrumb":{"@id":"https:\/\/brocheray.ch\/contact-acces\/#breadcrumb"},"inLanguage":"de","potentialAction":[{"@type":"ReadAction","target":["https:\/\/brocheray.ch\/contact-acces\/"]}]},{"@type":"BreadcrumbList","@id":"https:\/\/brocheray.ch\/contact-acces\/#breadcrumb","itemListElement":[{"@type":"ListItem","position":1,"name":"Accueil","item":"https:\/\/brocheray.ch\/"},{"@type":"ListItem","position":2,"name":"Contact et acc\u00e8s"}]},{"@type":"WebSite","@id":"https:\/\/brocheray.ch\/#website","url":"https:\/\/brocheray.ch\/","name":"Le Brocheray","description":"Ferienwohnung im Vall\u00e9e de Joux","publisher":{"@id":"https:\/\/brocheray.ch\/#organization"},"potentialAction":[{"@type":"SearchAction","target":{"@type":"EntryPoint","urlTemplate":"https:\/\/brocheray.ch\/?s={search_term_string}"},"query-input":{"@type":"PropertyValueSpecification","valueRequired":true,"valueName":"search_term_string"}}],"inLanguage":"de"},{"@type":"Organization","@id":"https:\/\/brocheray.ch\/#organization","name":"Le Brocheray","url":"https:\/\/brocheray.ch\/","logo":{"@type":"ImageObject","inLanguage":"de","@id":"https:\/\/brocheray.ch\/#\/schema\/logo\/image\/","url":"","contentUrl":"","caption":"Le Brocheray"},"image":{"@id":"https:\/\/brocheray.ch\/#\/schema\/logo\/image\/"},"sameAs":["https:\/\/www.facebook.com\/brocheray\/"]}]}},"_links":{"self":[{"href":"https:\/\/brocheray.ch\/de\/wp-json\/wp\/v2\/pages\/34","targetHints":{"allow":["GET"]}}],"collection":[{"href":"https:\/\/brocheray.ch\/de\/wp-json\/wp\/v2\/pages"}],"about":[{"href":"https:\/\/brocheray.ch\/de\/wp-json\/wp\/v2\/types\/page"}],"author":[{"embeddable":true,"href":"https:\/\/brocheray.ch\/de\/wp-json\/wp\/v2\/users\/3"}],"replies":[{"embeddable":true,"href":"https:\/\/brocheray.ch\/de\/wp-json\/wp\/v2\/comments?post=34"}],"version-history":[{"count":35,"href":"https:\/\/brocheray.ch\/de\/wp-json\/wp\/v2\/pages\/34\/revisions"}],"predecessor-version":[{"id":528,"href":"https:\/\/brocheray.ch\/de\/wp-json\/wp\/v2\/pages\/34\/revisions\/528"}],"wp:attachment":[{"href":"https:\/\/brocheray.ch\/de\/wp-json\/wp\/v2\/media?parent=34"}],"curies":[{"name":"wp","href":"https:\/\/api.w.org\/{rel}","templated":true}]}}